{"id":75,"date":"2021-04-11T10:31:31","date_gmt":"2021-04-11T08:31:31","guid":{"rendered":"https:\/\/www.casart.fr\/?page_id=75"},"modified":"2021-05-15T19:31:43","modified_gmt":"2021-05-15T17:31:43","slug":"jorges-marin","status":"publish","type":"page","link":"https:\/\/www.casart.fr\/en\/jorges-marin\/","title":{"rendered":"Jorges Mar\u00edn"},"content":{"rendered":"<p>[et_pb_section fb_built=&#8221;1&#8243; fullwidth=&#8221;on&#8221; _builder_version=&#8221;4.9.2&#8243; _module_preset=&#8221;default&#8221;][et_pb_fullwidth_post_title meta=&#8221;off&#8221; featured_image=&#8221;off&#8221; _builder_version=&#8221;4.9.4&#8243; _module_preset=&#8221;default&#8221; title_text_align=&#8221;center&#8221; title_font_size=&#8221;36px&#8221;][\/et_pb_fullwidth_post_title][\/et_pb_section][et_pb_section fb_built=&#8221;1&#8243; _builder_version=&#8221;4.9.2&#8243; _module_preset=&#8221;default&#8221; custom_padding=&#8221;0px|0px|0px|0px|false|false&#8221;][et_pb_row column_structure=&#8221;3_4,1_4&#8243; _builder_version=&#8221;4.9.2&#8243; _module_preset=&#8221;default&#8221;][et_pb_column type=&#8221;3_4&#8243; _builder_version=&#8221;4.9.2&#8243; _module_preset=&#8221;default&#8221; custom_padding=&#8221;|5%|||false|false&#8221; custom_padding_tablet=&#8221;&#8221; custom_padding_phone=&#8221;|0%|||false|false&#8221; custom_padding_last_edited=&#8221;on|phone&#8221; custom_css_main_element=&#8221;margin-right:3%;&#8221; border_width_right=&#8221;1px&#8221; border_color_right=&#8221;#c5c4c4&#8243;][et_pb_blog posts_number=&#8221;100&#8243; include_categories=&#8221;26&#8243; use_manual_excerpt=&#8221;off&#8221; show_author=&#8221;off&#8221; show_date=&#8221;off&#8221; show_categories=&#8221;off&#8221; show_excerpt=&#8221;off&#8221; show_pagination=&#8221;off&#8221; module_class=&#8221;ds-grid-blog&#8221; _builder_version=&#8221;4.9.4&#8243; _module_preset=&#8221;default&#8221; header_font=&#8221;||||||||&#8221; header_text_align=&#8221;center&#8221; header_font_size=&#8221;18px&#8221;][\/et_pb_blog][\/et_pb_column][et_pb_column type=&#8221;1_4&#8243; _builder_version=&#8221;4.9.2&#8243; _module_preset=&#8221;default&#8221;][et_pb_image src=&#8221;https:\/\/www.casart.fr\/wp-content\/uploads\/Jorge-Marin-sculpteur-Casart.jpg&#8221; alt=&#8221;Jorge Marin, sculptor, Casart&#8221; title_text=&#8221;Jorge Marin, sculptor, Casart&#8221; show_in_lightbox=&#8221;on&#8221; _builder_version=&#8221;4.9.4&#8243; _module_preset=&#8221;default&#8221;][\/et_pb_image][et_pb_text _builder_version=&#8221;4.9.4&#8243; _module_preset=&#8221;default&#8221; hover_enabled=&#8221;0&#8243; sticky_enabled=&#8221;0&#8243;]Born in 1963 in Mexico, Jorge Marin has a remarkable artistic career with already over 150 exhibitions in Latin America, in the United States and in Europe. Numerous important collections own one of his sculptures.<\/p>\n<p>There is a constant subject in Jorge Marin\u2019s sculpture, which is the body as an entity containing the spirit, always&#8230;<\/p>\n<p><div class='et-learn-more clearfix'>\n\t\t\t\t\t<h3 class='heading-more'>Read more...<span class='et_learnmore_arrow'><span><\/span><\/span><\/h3>\n\t\t\t\t\t<div class='learn-more-content'>&#8230; appearing in the splendor of its physical state. The being is always explained by what contains it, the body.<\/p>\n<p>Today, the body is conceived more as a space than an object in and of itself. It is the scenario of the human struggle as well as its synthesis and its memory. Thus, the human figure narrates humanity\u2019s own becoming, and the body is, after all, simply landscape.<\/p>\n<p>While it is true that this series of bodies tends to be based on the triumph of their acrobatic postures, metaphorically this corpses are speaking and surrendering to the temptation of risk and the Biblical prophecy of failing and falling down from this dubious paradise in which we live.<\/p>\n<p>\u201cMy artistic proposition follows my vision and perception of the world, how I interpret it and how I see it. From there, I dealt diverse topics, always related to the people of the 20th and 21st century, that is to say my contemporary. It is also possible to say that they are questions of the man of all the times &#8211; as the paternity, the game, the balance, the fear, the love, the hatred, etc.\u201d <\/p><\/div>\n\t\t\t\t<\/div>[\/et_pb_text][\/et_pb_column][\/et_pb_row][\/et_pb_section]<\/p>\n","protected":false},"excerpt":{"rendered":"<p>N\u00e9 en 1963 au Mexique, Jorge Marin conna\u00eet une carri\u00e8re artistique remarquable avec d\u00e9j\u00e0 plus de 150 expositions en Am\u00e9rique Latine, aux Etats-Unis et en Europe. Ses \u0153uvres sont pr\u00e9sentes dans de nombreuses et importantes collections. Le sculpteur est un postmoderne \u00e9clectique&#8230; <div class='et-learn-more clearfix'>\n\t\t\t\t\t<h3 class='heading-more'>Lire la suite...<span class='et_learnmore_arrow'><span><\/span><\/span><\/h3>\n\t\t\t\t\t<div class='learn-more-content'><\/div>\n\t\t\t\t<\/div>&#8230; qui s\u2019inspire autant de l\u2019Histoire de l\u2019Art que de [&hellip;]<\/p>\n","protected":false},"author":1,"featured_media":0,"parent":0,"menu_order":0,"comment_status":"closed","ping_status":"closed","template":"","meta":{"_et_pb_use_builder":"on","_et_pb_old_content":"","_et_gb_content_width":"","footnotes":""},"class_list":["post-75","page","type-page","status-publish","hentry"],"_links":{"self":[{"href":"https:\/\/www.casart.fr\/en\/wp-json\/wp\/v2\/pages\/75","targetHints":{"allow":["GET"]}}],"collection":[{"href":"https:\/\/www.casart.fr\/en\/wp-json\/wp\/v2\/pages"}],"about":[{"href":"https:\/\/www.casart.fr\/en\/wp-json\/wp\/v2\/types\/page"}],"author":[{"embeddable":true,"href":"https:\/\/www.casart.fr\/en\/wp-json\/wp\/v2\/users\/1"}],"replies":[{"embeddable":true,"href":"https:\/\/www.casart.fr\/en\/wp-json\/wp\/v2\/comments?post=75"}],"version-history":[{"count":6,"href":"https:\/\/www.casart.fr\/en\/wp-json\/wp\/v2\/pages\/75\/revisions"}],"predecessor-version":[{"id":2031,"href":"https:\/\/www.casart.fr\/en\/wp-json\/wp\/v2\/pages\/75\/revisions\/2031"}],"wp:attachment":[{"href":"https:\/\/www.casart.fr\/en\/wp-json\/wp\/v2\/media?parent=75"}],"curies":[{"name":"wp","href":"https:\/\/api.w.org\/{rel}","templated":true}]}}